{"id":62,"date":"2025-05-15T08:06:37","date_gmt":"2025-05-15T08:06:37","guid":{"rendered":"https:\/\/tomas.net.pl\/wordpress_u\/index.php\/wypozyczalnia\/"},"modified":"2025-05-22T07:50:15","modified_gmt":"2025-05-22T07:50:15","slug":"tomas-catering-poznan-2","status":"publish","type":"page","link":"https:\/\/tomas.net.pl\/wordpress_u\/index.php\/tomas-catering-poznan-2\/","title":{"rendered":"WYPO\u017bYCZALNIA"},"content":{"rendered":"\n\n\n<h1 class=\"wp-block-heading\"><strong>Lista produkt\u00f3w do wynajmu<\/strong><\/h1>\n\n\n\n<ul class=\"wp-block-list\">\n<li>Talerz obiadowy 24 cm<\/li>\n\n\n\n<li>Talerz zak\u0105skowy 20 cm<\/li>\n\n\n\n<li>Talerz deserowy 19 cm<\/li>\n\n\n\n<li>Bulion\u00f3wka 250 ml + spodek 14 cm<\/li>\n\n\n\n<li>Fili\u017canka 150 ml + spodek 14 cm<\/li>\n\n\n\n<li>Kieliszek do szampana 180 ml<\/li>\n\n\n\n<li>Kieliszek do w\u00f3dki<\/li>\n\n\n\n<li>Szklanka 250 ml<\/li>\n\n\n\n<li>Szklanka long 300 ml<\/li>\n\n\n\n<li>Dzbanek 1,3 l<\/li>\n\n\n\n<li>Widelec<\/li>\n\n\n\n<li>N\u00f3\u017c<\/li>\n\n\n\n<li>\u0141y\u017cka<\/li>\n\n\n\n<li>\u0141y\u017ceczka<\/li>\n\n\n\n<li>Sosjerka<\/li>\n\n\n\n<li>Cukierniczka<\/li>\n\n\n\n<li>Mlecznik<\/li>\n\n\n\n<li>Plater nierdzewny<\/li>\n\n\n\n<li>Miska<\/li>\n\n\n\n<li>Termos do kawy\/herbaty<\/li>\n\n\n\n<li>Krzes\u0142o sk\u0142adane \u2013 bukowe<\/li>\n\n\n\n<li>St\u00f3\u0142 sk\u0142adany<\/li>\n\n\n\n<li>St\u00f3\u0142 skr\u0119cany<\/li>\n\n\n\n<li>Obrus bia\u0142y\/szary<\/li>\n\n\n\n<li>Podgrzewacz do wody<\/li>\n\n\n\n<li>Podgrzewacz do zupy<\/li>\n\n\n\n<li>Podgrzewacz do potraw<\/li>\n\n\n\n<li>W\u00f3zek kelnerski<\/li>\n<\/ul>\n","protected":false},"excerpt":{"rendered":"<p>Lista produkt\u00f3w do wynajmu<\/p>\n","protected":false},"author":1,"featured_media":0,"parent":0,"menu_order":0,"comment_status":"closed","ping_status":"closed","template":"full-width","meta":{"saved_in_kubio":true,"footnotes":""},"class_list":["post-62","page","type-page","status-publish","hentry"],"kubio_ai_page_context":{"short_desc":"","purpose":"general"},"yoast_head":"<!-- This site is optimized with the Yoast SEO plugin v25.1 - https:\/\/yoast.com\/wordpress\/plugins\/seo\/ -->\n<title>WYPO\u017bYCZALNIA - TOMAS CATERING<\/title>\n<meta name=\"description\" content=\"Wypo\u017cyczalnia naczy\u0144, sto\u0142\u00f3w, krzese\u0142 i sprz\u0119tu gastronomicznego na przyj\u0119cia. Kompleksowa obs\u0142uga i dostawa pod wskazany adres.\" \/>\n<meta name=\"robots\" content=\"index, follow, max-snippet:-1, max-image-preview:large, max-video-preview:-1\" \/>\n<link rel=\"canonical\" href=\"https:\/\/tomas.net.pl\/wordpress_u\/index.php\/tomas-catering-poznan-2\/\" \/>\n<meta property=\"og:locale\" content=\"pl_PL\" \/>\n<meta property=\"og:type\" content=\"article\" \/>\n<meta property=\"og:title\" content=\"WYPO\u017bYCZALNIA - TOMAS CATERING\" \/>\n<meta property=\"og:description\" content=\"Wypo\u017cyczalnia naczy\u0144, sto\u0142\u00f3w, krzese\u0142 i sprz\u0119tu gastronomicznego na przyj\u0119cia. Kompleksowa obs\u0142uga i dostawa pod wskazany adres.\" \/>\n<meta property=\"og:url\" content=\"https:\/\/tomas.net.pl\/wordpress_u\/index.php\/tomas-catering-poznan-2\/\" \/>\n<meta property=\"og:site_name\" content=\"TOMAS CATERING\" \/>\n<meta property=\"article:modified_time\" content=\"2025-05-22T07:50:15+00:00\" \/>\n<meta name=\"twitter:card\" content=\"summary_large_image\" \/>\n<script type=\"application\/ld+json\" class=\"yoast-schema-graph\">{\"@context\":\"https:\/\/schema.org\",\"@graph\":[{\"@type\":\"WebPage\",\"@id\":\"https:\/\/tomas.net.pl\/wordpress_u\/index.php\/tomas-catering-poznan-2\/\",\"url\":\"https:\/\/tomas.net.pl\/wordpress_u\/index.php\/tomas-catering-poznan-2\/\",\"name\":\"WYPO\u017bYCZALNIA - TOMAS CATERING\",\"isPartOf\":{\"@id\":\"https:\/\/tomas.net.pl\/wordpress_u\/#website\"},\"datePublished\":\"2025-05-15T08:06:37+00:00\",\"dateModified\":\"2025-05-22T07:50:15+00:00\",\"description\":\"Wypo\u017cyczalnia naczy\u0144, sto\u0142\u00f3w, krzese\u0142 i sprz\u0119tu gastronomicznego na przyj\u0119cia. Kompleksowa obs\u0142uga i dostawa pod wskazany adres.\",\"breadcrumb\":{\"@id\":\"https:\/\/tomas.net.pl\/wordpress_u\/index.php\/tomas-catering-poznan-2\/#breadcrumb\"},\"inLanguage\":\"pl-PL\",\"potentialAction\":[{\"@type\":\"ReadAction\",\"target\":[\"https:\/\/tomas.net.pl\/wordpress_u\/index.php\/tomas-catering-poznan-2\/\"]}]},{\"@type\":\"BreadcrumbList\",\"@id\":\"https:\/\/tomas.net.pl\/wordpress_u\/index.php\/tomas-catering-poznan-2\/#breadcrumb\",\"itemListElement\":[{\"@type\":\"ListItem\",\"position\":1,\"name\":\"Strona g\u0142\u00f3wna\",\"item\":\"https:\/\/tomas.net.pl\/wordpress_u\/\"},{\"@type\":\"ListItem\",\"position\":2,\"name\":\"WYPO\u017bYCZALNIA\"}]},{\"@type\":\"WebSite\",\"@id\":\"https:\/\/tomas.net.pl\/wordpress_u\/#website\",\"url\":\"https:\/\/tomas.net.pl\/wordpress_u\/\",\"name\":\"TOMAS CATERING\",\"description\":\"\",\"publisher\":{\"@id\":\"https:\/\/tomas.net.pl\/wordpress_u\/#organization\"},\"potentialAction\":[{\"@type\":\"SearchAction\",\"target\":{\"@type\":\"EntryPoint\",\"urlTemplate\":\"https:\/\/tomas.net.pl\/wordpress_u\/?s={search_term_string}\"},\"query-input\":{\"@type\":\"PropertyValueSpecification\",\"valueRequired\":true,\"valueName\":\"search_term_string\"}}],\"inLanguage\":\"pl-PL\"},{\"@type\":\"Organization\",\"@id\":\"https:\/\/tomas.net.pl\/wordpress_u\/#organization\",\"name\":\"TOMAS CATERING\",\"url\":\"https:\/\/tomas.net.pl\/wordpress_u\/\",\"logo\":{\"@type\":\"ImageObject\",\"inLanguage\":\"pl-PL\",\"@id\":\"https:\/\/tomas.net.pl\/wordpress_u\/#\/schema\/logo\/image\/\",\"url\":\"https:\/\/tomas.net.pl\/wordpress_u\/wp-content\/uploads\/2025\/05\/logo-tomas-scaled.png\",\"contentUrl\":\"https:\/\/tomas.net.pl\/wordpress_u\/wp-content\/uploads\/2025\/05\/logo-tomas-scaled.png\",\"width\":2560,\"height\":1701,\"caption\":\"TOMAS CATERING\"},\"image\":{\"@id\":\"https:\/\/tomas.net.pl\/wordpress_u\/#\/schema\/logo\/image\/\"}}]}<\/script>\n<!-- \/ Yoast SEO plugin. -->","yoast_head_json":{"title":"WYPO\u017bYCZALNIA - TOMAS CATERING","description":"Wypo\u017cyczalnia naczy\u0144, sto\u0142\u00f3w, krzese\u0142 i sprz\u0119tu gastronomicznego na przyj\u0119cia. Kompleksowa obs\u0142uga i dostawa pod wskazany adres.","robots":{"index":"index","follow":"follow","max-snippet":"max-snippet:-1","max-image-preview":"max-image-preview:large","max-video-preview":"max-video-preview:-1"},"canonical":"https:\/\/tomas.net.pl\/wordpress_u\/index.php\/tomas-catering-poznan-2\/","og_locale":"pl_PL","og_type":"article","og_title":"WYPO\u017bYCZALNIA - TOMAS CATERING","og_description":"Wypo\u017cyczalnia naczy\u0144, sto\u0142\u00f3w, krzese\u0142 i sprz\u0119tu gastronomicznego na przyj\u0119cia. Kompleksowa obs\u0142uga i dostawa pod wskazany adres.","og_url":"https:\/\/tomas.net.pl\/wordpress_u\/index.php\/tomas-catering-poznan-2\/","og_site_name":"TOMAS CATERING","article_modified_time":"2025-05-22T07:50:15+00:00","twitter_card":"summary_large_image","schema":{"@context":"https:\/\/schema.org","@graph":[{"@type":"WebPage","@id":"https:\/\/tomas.net.pl\/wordpress_u\/index.php\/tomas-catering-poznan-2\/","url":"https:\/\/tomas.net.pl\/wordpress_u\/index.php\/tomas-catering-poznan-2\/","name":"WYPO\u017bYCZALNIA - TOMAS CATERING","isPartOf":{"@id":"https:\/\/tomas.net.pl\/wordpress_u\/#website"},"datePublished":"2025-05-15T08:06:37+00:00","dateModified":"2025-05-22T07:50:15+00:00","description":"Wypo\u017cyczalnia naczy\u0144, sto\u0142\u00f3w, krzese\u0142 i sprz\u0119tu gastronomicznego na przyj\u0119cia. Kompleksowa obs\u0142uga i dostawa pod wskazany adres.","breadcrumb":{"@id":"https:\/\/tomas.net.pl\/wordpress_u\/index.php\/tomas-catering-poznan-2\/#breadcrumb"},"inLanguage":"pl-PL","potentialAction":[{"@type":"ReadAction","target":["https:\/\/tomas.net.pl\/wordpress_u\/index.php\/tomas-catering-poznan-2\/"]}]},{"@type":"BreadcrumbList","@id":"https:\/\/tomas.net.pl\/wordpress_u\/index.php\/tomas-catering-poznan-2\/#breadcrumb","itemListElement":[{"@type":"ListItem","position":1,"name":"Strona g\u0142\u00f3wna","item":"https:\/\/tomas.net.pl\/wordpress_u\/"},{"@type":"ListItem","position":2,"name":"WYPO\u017bYCZALNIA"}]},{"@type":"WebSite","@id":"https:\/\/tomas.net.pl\/wordpress_u\/#website","url":"https:\/\/tomas.net.pl\/wordpress_u\/","name":"TOMAS CATERING","description":"","publisher":{"@id":"https:\/\/tomas.net.pl\/wordpress_u\/#organization"},"potentialAction":[{"@type":"SearchAction","target":{"@type":"EntryPoint","urlTemplate":"https:\/\/tomas.net.pl\/wordpress_u\/?s={search_term_string}"},"query-input":{"@type":"PropertyValueSpecification","valueRequired":true,"valueName":"search_term_string"}}],"inLanguage":"pl-PL"},{"@type":"Organization","@id":"https:\/\/tomas.net.pl\/wordpress_u\/#organization","name":"TOMAS CATERING","url":"https:\/\/tomas.net.pl\/wordpress_u\/","logo":{"@type":"ImageObject","inLanguage":"pl-PL","@id":"https:\/\/tomas.net.pl\/wordpress_u\/#\/schema\/logo\/image\/","url":"https:\/\/tomas.net.pl\/wordpress_u\/wp-content\/uploads\/2025\/05\/logo-tomas-scaled.png","contentUrl":"https:\/\/tomas.net.pl\/wordpress_u\/wp-content\/uploads\/2025\/05\/logo-tomas-scaled.png","width":2560,"height":1701,"caption":"TOMAS CATERING"},"image":{"@id":"https:\/\/tomas.net.pl\/wordpress_u\/#\/schema\/logo\/image\/"}}]}},"_links":{"self":[{"href":"https:\/\/tomas.net.pl\/wordpress_u\/index.php\/wp-json\/wp\/v2\/pages\/62","targetHints":{"allow":["GET"]}}],"collection":[{"href":"https:\/\/tomas.net.pl\/wordpress_u\/index.php\/wp-json\/wp\/v2\/pages"}],"about":[{"href":"https:\/\/tomas.net.pl\/wordpress_u\/index.php\/wp-json\/wp\/v2\/types\/page"}],"author":[{"embeddable":true,"href":"https:\/\/tomas.net.pl\/wordpress_u\/index.php\/wp-json\/wp\/v2\/users\/1"}],"replies":[{"embeddable":true,"href":"https:\/\/tomas.net.pl\/wordpress_u\/index.php\/wp-json\/wp\/v2\/comments?post=62"}],"version-history":[{"count":10,"href":"https:\/\/tomas.net.pl\/wordpress_u\/index.php\/wp-json\/wp\/v2\/pages\/62\/revisions"}],"predecessor-version":[{"id":469,"href":"https:\/\/tomas.net.pl\/wordpress_u\/index.php\/wp-json\/wp\/v2\/pages\/62\/revisions\/469"}],"wp:attachment":[{"href":"https:\/\/tomas.net.pl\/wordpress_u\/index.php\/wp-json\/wp\/v2\/media?parent=62"}],"curies":[{"name":"wp","href":"https:\/\/api.w.org\/{rel}","templated":true}]}}