{"id":64,"date":"2025-05-15T08:08:27","date_gmt":"2025-05-15T08:08:27","guid":{"rendered":"https:\/\/tomas.net.pl\/wordpress_u\/index.php\/galeria\/"},"modified":"2025-05-22T07:24:56","modified_gmt":"2025-05-22T07:24:56","slug":"galeria","status":"publish","type":"page","link":"https:\/\/tomas.net.pl\/wordpress_u\/index.php\/galeria\/","title":{"rendered":"GALERIA"},"content":{"rendered":"","protected":false},"excerpt":{"rendered":"","protected":false},"author":1,"featured_media":0,"parent":0,"menu_order":0,"comment_status":"closed","ping_status":"closed","template":"full-width","meta":{"saved_in_kubio":true,"footnotes":""},"class_list":["post-64","page","type-page","status-publish","hentry"],"kubio_ai_page_context":{"short_desc":"","purpose":"general"},"yoast_head":"<!-- This site is optimized with the Yoast SEO plugin v25.1 - https:\/\/yoast.com\/wordpress\/plugins\/seo\/ -->\n<title>GALERIA - TOMAS CATERING<\/title>\n<meta name=\"description\" content=\"Zobacz nasz\u0105 galeri\u0119 realizacji \u2013 eleganckie przyj\u0119cia, dekoracje sto\u0142\u00f3w, potrawy i obs\u0142uga. Tak wygl\u0105da catering na najwy\u017cszym poziomie!\" \/>\n<meta name=\"robots\" content=\"index, follow, max-snippet:-1, max-image-preview:large, max-video-preview:-1\" \/>\n<link rel=\"canonical\" href=\"https:\/\/tomas.net.pl\/wordpress_u\/index.php\/galeria\/\" \/>\n<meta property=\"og:locale\" content=\"pl_PL\" \/>\n<meta property=\"og:type\" content=\"article\" \/>\n<meta property=\"og:title\" content=\"GALERIA - TOMAS CATERING\" \/>\n<meta property=\"og:description\" content=\"Zobacz nasz\u0105 galeri\u0119 realizacji \u2013 eleganckie przyj\u0119cia, dekoracje sto\u0142\u00f3w, potrawy i obs\u0142uga. Tak wygl\u0105da catering na najwy\u017cszym poziomie!\" \/>\n<meta property=\"og:url\" content=\"https:\/\/tomas.net.pl\/wordpress_u\/index.php\/galeria\/\" \/>\n<meta property=\"og:site_name\" content=\"TOMAS CATERING\" \/>\n<meta property=\"article:modified_time\" content=\"2025-05-22T07:24:56+00:00\" \/>\n<meta name=\"twitter:card\" content=\"summary_large_image\" \/>\n<script type=\"application\/ld+json\" class=\"yoast-schema-graph\">{\"@context\":\"https:\/\/schema.org\",\"@graph\":[{\"@type\":\"WebPage\",\"@id\":\"https:\/\/tomas.net.pl\/wordpress_u\/index.php\/galeria\/\",\"url\":\"https:\/\/tomas.net.pl\/wordpress_u\/index.php\/galeria\/\",\"name\":\"GALERIA - TOMAS CATERING\",\"isPartOf\":{\"@id\":\"https:\/\/tomas.net.pl\/wordpress_u\/#website\"},\"datePublished\":\"2025-05-15T08:08:27+00:00\",\"dateModified\":\"2025-05-22T07:24:56+00:00\",\"description\":\"Zobacz nasz\u0105 galeri\u0119 realizacji \u2013 eleganckie przyj\u0119cia, dekoracje sto\u0142\u00f3w, potrawy i obs\u0142uga. Tak wygl\u0105da catering na najwy\u017cszym poziomie!\",\"breadcrumb\":{\"@id\":\"https:\/\/tomas.net.pl\/wordpress_u\/index.php\/galeria\/#breadcrumb\"},\"inLanguage\":\"pl-PL\",\"potentialAction\":[{\"@type\":\"ReadAction\",\"target\":[\"https:\/\/tomas.net.pl\/wordpress_u\/index.php\/galeria\/\"]}]},{\"@type\":\"BreadcrumbList\",\"@id\":\"https:\/\/tomas.net.pl\/wordpress_u\/index.php\/galeria\/#breadcrumb\",\"itemListElement\":[{\"@type\":\"ListItem\",\"position\":1,\"name\":\"Strona g\u0142\u00f3wna\",\"item\":\"https:\/\/tomas.net.pl\/wordpress_u\/\"},{\"@type\":\"ListItem\",\"position\":2,\"name\":\"GALERIA\"}]},{\"@type\":\"WebSite\",\"@id\":\"https:\/\/tomas.net.pl\/wordpress_u\/#website\",\"url\":\"https:\/\/tomas.net.pl\/wordpress_u\/\",\"name\":\"TOMAS CATERING\",\"description\":\"\",\"publisher\":{\"@id\":\"https:\/\/tomas.net.pl\/wordpress_u\/#organization\"},\"potentialAction\":[{\"@type\":\"SearchAction\",\"target\":{\"@type\":\"EntryPoint\",\"urlTemplate\":\"https:\/\/tomas.net.pl\/wordpress_u\/?s={search_term_string}\"},\"query-input\":{\"@type\":\"PropertyValueSpecification\",\"valueRequired\":true,\"valueName\":\"search_term_string\"}}],\"inLanguage\":\"pl-PL\"},{\"@type\":\"Organization\",\"@id\":\"https:\/\/tomas.net.pl\/wordpress_u\/#organization\",\"name\":\"TOMAS CATERING\",\"url\":\"https:\/\/tomas.net.pl\/wordpress_u\/\",\"logo\":{\"@type\":\"ImageObject\",\"inLanguage\":\"pl-PL\",\"@id\":\"https:\/\/tomas.net.pl\/wordpress_u\/#\/schema\/logo\/image\/\",\"url\":\"https:\/\/tomas.net.pl\/wordpress_u\/wp-content\/uploads\/2025\/05\/logo-tomas-scaled.png\",\"contentUrl\":\"https:\/\/tomas.net.pl\/wordpress_u\/wp-content\/uploads\/2025\/05\/logo-tomas-scaled.png\",\"width\":2560,\"height\":1701,\"caption\":\"TOMAS CATERING\"},\"image\":{\"@id\":\"https:\/\/tomas.net.pl\/wordpress_u\/#\/schema\/logo\/image\/\"}}]}<\/script>\n<!-- \/ Yoast SEO plugin. -->","yoast_head_json":{"title":"GALERIA - TOMAS CATERING","description":"Zobacz nasz\u0105 galeri\u0119 realizacji \u2013 eleganckie przyj\u0119cia, dekoracje sto\u0142\u00f3w, potrawy i obs\u0142uga. Tak wygl\u0105da catering na najwy\u017cszym poziomie!","robots":{"index":"index","follow":"follow","max-snippet":"max-snippet:-1","max-image-preview":"max-image-preview:large","max-video-preview":"max-video-preview:-1"},"canonical":"https:\/\/tomas.net.pl\/wordpress_u\/index.php\/galeria\/","og_locale":"pl_PL","og_type":"article","og_title":"GALERIA - TOMAS CATERING","og_description":"Zobacz nasz\u0105 galeri\u0119 realizacji \u2013 eleganckie przyj\u0119cia, dekoracje sto\u0142\u00f3w, potrawy i obs\u0142uga. Tak wygl\u0105da catering na najwy\u017cszym poziomie!","og_url":"https:\/\/tomas.net.pl\/wordpress_u\/index.php\/galeria\/","og_site_name":"TOMAS CATERING","article_modified_time":"2025-05-22T07:24:56+00:00","twitter_card":"summary_large_image","schema":{"@context":"https:\/\/schema.org","@graph":[{"@type":"WebPage","@id":"https:\/\/tomas.net.pl\/wordpress_u\/index.php\/galeria\/","url":"https:\/\/tomas.net.pl\/wordpress_u\/index.php\/galeria\/","name":"GALERIA - TOMAS CATERING","isPartOf":{"@id":"https:\/\/tomas.net.pl\/wordpress_u\/#website"},"datePublished":"2025-05-15T08:08:27+00:00","dateModified":"2025-05-22T07:24:56+00:00","description":"Zobacz nasz\u0105 galeri\u0119 realizacji \u2013 eleganckie przyj\u0119cia, dekoracje sto\u0142\u00f3w, potrawy i obs\u0142uga. Tak wygl\u0105da catering na najwy\u017cszym poziomie!","breadcrumb":{"@id":"https:\/\/tomas.net.pl\/wordpress_u\/index.php\/galeria\/#breadcrumb"},"inLanguage":"pl-PL","potentialAction":[{"@type":"ReadAction","target":["https:\/\/tomas.net.pl\/wordpress_u\/index.php\/galeria\/"]}]},{"@type":"BreadcrumbList","@id":"https:\/\/tomas.net.pl\/wordpress_u\/index.php\/galeria\/#breadcrumb","itemListElement":[{"@type":"ListItem","position":1,"name":"Strona g\u0142\u00f3wna","item":"https:\/\/tomas.net.pl\/wordpress_u\/"},{"@type":"ListItem","position":2,"name":"GALERIA"}]},{"@type":"WebSite","@id":"https:\/\/tomas.net.pl\/wordpress_u\/#website","url":"https:\/\/tomas.net.pl\/wordpress_u\/","name":"TOMAS CATERING","description":"","publisher":{"@id":"https:\/\/tomas.net.pl\/wordpress_u\/#organization"},"potentialAction":[{"@type":"SearchAction","target":{"@type":"EntryPoint","urlTemplate":"https:\/\/tomas.net.pl\/wordpress_u\/?s={search_term_string}"},"query-input":{"@type":"PropertyValueSpecification","valueRequired":true,"valueName":"search_term_string"}}],"inLanguage":"pl-PL"},{"@type":"Organization","@id":"https:\/\/tomas.net.pl\/wordpress_u\/#organization","name":"TOMAS CATERING","url":"https:\/\/tomas.net.pl\/wordpress_u\/","logo":{"@type":"ImageObject","inLanguage":"pl-PL","@id":"https:\/\/tomas.net.pl\/wordpress_u\/#\/schema\/logo\/image\/","url":"https:\/\/tomas.net.pl\/wordpress_u\/wp-content\/uploads\/2025\/05\/logo-tomas-scaled.png","contentUrl":"https:\/\/tomas.net.pl\/wordpress_u\/wp-content\/uploads\/2025\/05\/logo-tomas-scaled.png","width":2560,"height":1701,"caption":"TOMAS CATERING"},"image":{"@id":"https:\/\/tomas.net.pl\/wordpress_u\/#\/schema\/logo\/image\/"}}]}},"_links":{"self":[{"href":"https:\/\/tomas.net.pl\/wordpress_u\/index.php\/wp-json\/wp\/v2\/pages\/64","targetHints":{"allow":["GET"]}}],"collection":[{"href":"https:\/\/tomas.net.pl\/wordpress_u\/index.php\/wp-json\/wp\/v2\/pages"}],"about":[{"href":"https:\/\/tomas.net.pl\/wordpress_u\/index.php\/wp-json\/wp\/v2\/types\/page"}],"author":[{"embeddable":true,"href":"https:\/\/tomas.net.pl\/wordpress_u\/index.php\/wp-json\/wp\/v2\/users\/1"}],"replies":[{"embeddable":true,"href":"https:\/\/tomas.net.pl\/wordpress_u\/index.php\/wp-json\/wp\/v2\/comments?post=64"}],"version-history":[{"count":18,"href":"https:\/\/tomas.net.pl\/wordpress_u\/index.php\/wp-json\/wp\/v2\/pages\/64\/revisions"}],"predecessor-version":[{"id":453,"href":"https:\/\/tomas.net.pl\/wordpress_u\/index.php\/wp-json\/wp\/v2\/pages\/64\/revisions\/453"}],"wp:attachment":[{"href":"https:\/\/tomas.net.pl\/wordpress_u\/index.php\/wp-json\/wp\/v2\/media?parent=64"}],"curies":[{"name":"wp","href":"https:\/\/api.w.org\/{rel}","templated":true}]}}