{"id":8,"date":"2025-05-15T07:39:11","date_gmt":"2025-05-15T07:39:11","guid":{"rendered":"https:\/\/tomas.net.pl\/wordpress_u\/index.php\/front_page\/"},"modified":"2025-05-21T12:39:01","modified_gmt":"2025-05-21T12:39:01","slug":"catering-poznan-catering-na-chrzciny-catering-na-komunie-catering-z-dowozem-catering-imprezy-firmowe-wynajem-naczyn-catering-poznan-cena","status":"publish","type":"page","link":"https:\/\/tomas.net.pl\/wordpress_u\/","title":{"rendered":"Home"},"content":{"rendered":"\n<a href=\"mailto:firma@tomas.net.pl\" class=\"position-relative wp-block-kubio-iconlistitem__text style-jcIWO_UNs6K-text style-local-8-text\" style=\"display: block; width: 100%; height: 100%; text-indent: -9999px; overflow: hidden;\">firma@tomas.net.pl<\/a>\n\n","protected":false},"excerpt":{"rendered":"<p>firma@tomas.net.pl<\/p>\n","protected":false},"author":1,"featured_media":0,"parent":0,"menu_order":0,"comment_status":"closed","ping_status":"closed","template":"","meta":{"saved_in_kubio":true,"footnotes":""},"class_list":["post-8","page","type-page","status-publish","hentry"],"kubio_ai_page_context":{"short_desc":"","purpose":"general"},"yoast_head":"<!-- This site is optimized with the Yoast SEO plugin v25.1 - https:\/\/yoast.com\/wordpress\/plugins\/seo\/ -->\n<title>- TOMAS CATERING POZNA\u0143<\/title>\n<meta name=\"description\" content=\"Oferujemy kompleksowy catering z dowozem, obs\u0142ug\u0105 go\u015bci, wynajmem sprz\u0119tu i naczy\u0144. Chrzciny, komunie, urodziny \u2013 wszystko zorganizujemy! catering Pozna\u0144, catering na chrzciny, catering na komunie, catering z dowozem, catering imprezy firmowe, wynajem naczy\u0144, catering Pozna\u0144 cena\" \/>\n<meta name=\"robots\" content=\"index, follow, max-snippet:-1, max-image-preview:large, max-video-preview:-1\" \/>\n<link rel=\"canonical\" href=\"https:\/\/tomas.net.pl\/wordpress_u\/\" \/>\n<meta property=\"og:locale\" content=\"pl_PL\" \/>\n<meta property=\"og:type\" content=\"article\" \/>\n<meta property=\"og:title\" content=\"- TOMAS CATERING POZNA\u0143\" \/>\n<meta property=\"og:description\" content=\"Oferujemy kompleksowy catering z dowozem, obs\u0142ug\u0105 go\u015bci, wynajmem sprz\u0119tu i naczy\u0144. Chrzciny, komunie, urodziny \u2013 wszystko zorganizujemy! catering Pozna\u0144, catering na chrzciny, catering na komunie, catering z dowozem, catering imprezy firmowe, wynajem naczy\u0144, catering Pozna\u0144 cena\" \/>\n<meta property=\"og:url\" content=\"https:\/\/tomas.net.pl\/wordpress_u\/\" \/>\n<meta property=\"og:site_name\" content=\"TOMAS CATERING\" \/>\n<meta property=\"article:modified_time\" content=\"2025-05-21T12:39:01+00:00\" \/>\n<meta name=\"twitter:card\" content=\"summary_large_image\" \/>\n<meta name=\"twitter:label1\" content=\"Szacowany czas czytania\" \/>\n\t<meta name=\"twitter:data1\" content=\"1 minuta\" \/>\n<script type=\"application\/ld+json\" class=\"yoast-schema-graph\">{\"@context\":\"https:\/\/schema.org\",\"@graph\":[{\"@type\":\"WebPage\",\"@id\":\"https:\/\/tomas.net.pl\/wordpress_u\/\",\"url\":\"https:\/\/tomas.net.pl\/wordpress_u\/\",\"name\":\"- TOMAS CATERING POZNA\u0143\",\"isPartOf\":{\"@id\":\"https:\/\/tomas.net.pl\/wordpress_u\/#website\"},\"datePublished\":\"2025-05-15T07:39:11+00:00\",\"dateModified\":\"2025-05-21T12:39:01+00:00\",\"description\":\"Oferujemy kompleksowy catering z dowozem, obs\u0142ug\u0105 go\u015bci, wynajmem sprz\u0119tu i naczy\u0144. Chrzciny, komunie, urodziny \u2013 wszystko zorganizujemy! catering Pozna\u0144, catering na chrzciny, catering na komunie, catering z dowozem, catering imprezy firmowe, wynajem naczy\u0144, catering Pozna\u0144 cena\",\"breadcrumb\":{\"@id\":\"https:\/\/tomas.net.pl\/wordpress_u\/#breadcrumb\"},\"inLanguage\":\"pl-PL\",\"potentialAction\":[{\"@type\":\"ReadAction\",\"target\":[\"https:\/\/tomas.net.pl\/wordpress_u\/\"]}]},{\"@type\":\"BreadcrumbList\",\"@id\":\"https:\/\/tomas.net.pl\/wordpress_u\/#breadcrumb\",\"itemListElement\":[{\"@type\":\"ListItem\",\"position\":1,\"name\":\"Strona g\u0142\u00f3wna\",\"item\":\"https:\/\/tomas.net.pl\/wordpress_u\/\"},{\"@type\":\"ListItem\",\"position\":2,\"name\":\"Home\"}]},{\"@type\":\"WebSite\",\"@id\":\"https:\/\/tomas.net.pl\/wordpress_u\/#website\",\"url\":\"https:\/\/tomas.net.pl\/wordpress_u\/\",\"name\":\"TOMAS CATERING\",\"description\":\"\",\"publisher\":{\"@id\":\"https:\/\/tomas.net.pl\/wordpress_u\/#organization\"},\"potentialAction\":[{\"@type\":\"SearchAction\",\"target\":{\"@type\":\"EntryPoint\",\"urlTemplate\":\"https:\/\/tomas.net.pl\/wordpress_u\/?s={search_term_string}\"},\"query-input\":{\"@type\":\"PropertyValueSpecification\",\"valueRequired\":true,\"valueName\":\"search_term_string\"}}],\"inLanguage\":\"pl-PL\"},{\"@type\":\"Organization\",\"@id\":\"https:\/\/tomas.net.pl\/wordpress_u\/#organization\",\"name\":\"TOMAS CATERING\",\"url\":\"https:\/\/tomas.net.pl\/wordpress_u\/\",\"logo\":{\"@type\":\"ImageObject\",\"inLanguage\":\"pl-PL\",\"@id\":\"https:\/\/tomas.net.pl\/wordpress_u\/#\/schema\/logo\/image\/\",\"url\":\"https:\/\/tomas.net.pl\/wordpress_u\/wp-content\/uploads\/2025\/05\/logo-tomas-scaled.png\",\"contentUrl\":\"https:\/\/tomas.net.pl\/wordpress_u\/wp-content\/uploads\/2025\/05\/logo-tomas-scaled.png\",\"width\":2560,\"height\":1701,\"caption\":\"TOMAS CATERING\"},\"image\":{\"@id\":\"https:\/\/tomas.net.pl\/wordpress_u\/#\/schema\/logo\/image\/\"}}]}<\/script>\n<!-- \/ Yoast SEO plugin. -->","yoast_head_json":{"title":"- TOMAS CATERING POZNA\u0143","description":"Oferujemy kompleksowy catering z dowozem, obs\u0142ug\u0105 go\u015bci, wynajmem sprz\u0119tu i naczy\u0144. Chrzciny, komunie, urodziny \u2013 wszystko zorganizujemy! catering Pozna\u0144, catering na chrzciny, catering na komunie, catering z dowozem, catering imprezy firmowe, wynajem naczy\u0144, catering Pozna\u0144 cena","robots":{"index":"index","follow":"follow","max-snippet":"max-snippet:-1","max-image-preview":"max-image-preview:large","max-video-preview":"max-video-preview:-1"},"canonical":"https:\/\/tomas.net.pl\/wordpress_u\/","og_locale":"pl_PL","og_type":"article","og_title":"- TOMAS CATERING POZNA\u0143","og_description":"Oferujemy kompleksowy catering z dowozem, obs\u0142ug\u0105 go\u015bci, wynajmem sprz\u0119tu i naczy\u0144. Chrzciny, komunie, urodziny \u2013 wszystko zorganizujemy! catering Pozna\u0144, catering na chrzciny, catering na komunie, catering z dowozem, catering imprezy firmowe, wynajem naczy\u0144, catering Pozna\u0144 cena","og_url":"https:\/\/tomas.net.pl\/wordpress_u\/","og_site_name":"TOMAS CATERING","article_modified_time":"2025-05-21T12:39:01+00:00","twitter_card":"summary_large_image","twitter_misc":{"Szacowany czas czytania":"1 minuta"},"schema":{"@context":"https:\/\/schema.org","@graph":[{"@type":"WebPage","@id":"https:\/\/tomas.net.pl\/wordpress_u\/","url":"https:\/\/tomas.net.pl\/wordpress_u\/","name":"- TOMAS CATERING POZNA\u0143","isPartOf":{"@id":"https:\/\/tomas.net.pl\/wordpress_u\/#website"},"datePublished":"2025-05-15T07:39:11+00:00","dateModified":"2025-05-21T12:39:01+00:00","description":"Oferujemy kompleksowy catering z dowozem, obs\u0142ug\u0105 go\u015bci, wynajmem sprz\u0119tu i naczy\u0144. Chrzciny, komunie, urodziny \u2013 wszystko zorganizujemy! catering Pozna\u0144, catering na chrzciny, catering na komunie, catering z dowozem, catering imprezy firmowe, wynajem naczy\u0144, catering Pozna\u0144 cena","breadcrumb":{"@id":"https:\/\/tomas.net.pl\/wordpress_u\/#breadcrumb"},"inLanguage":"pl-PL","potentialAction":[{"@type":"ReadAction","target":["https:\/\/tomas.net.pl\/wordpress_u\/"]}]},{"@type":"BreadcrumbList","@id":"https:\/\/tomas.net.pl\/wordpress_u\/#breadcrumb","itemListElement":[{"@type":"ListItem","position":1,"name":"Strona g\u0142\u00f3wna","item":"https:\/\/tomas.net.pl\/wordpress_u\/"},{"@type":"ListItem","position":2,"name":"Home"}]},{"@type":"WebSite","@id":"https:\/\/tomas.net.pl\/wordpress_u\/#website","url":"https:\/\/tomas.net.pl\/wordpress_u\/","name":"TOMAS CATERING","description":"","publisher":{"@id":"https:\/\/tomas.net.pl\/wordpress_u\/#organization"},"potentialAction":[{"@type":"SearchAction","target":{"@type":"EntryPoint","urlTemplate":"https:\/\/tomas.net.pl\/wordpress_u\/?s={search_term_string}"},"query-input":{"@type":"PropertyValueSpecification","valueRequired":true,"valueName":"search_term_string"}}],"inLanguage":"pl-PL"},{"@type":"Organization","@id":"https:\/\/tomas.net.pl\/wordpress_u\/#organization","name":"TOMAS CATERING","url":"https:\/\/tomas.net.pl\/wordpress_u\/","logo":{"@type":"ImageObject","inLanguage":"pl-PL","@id":"https:\/\/tomas.net.pl\/wordpress_u\/#\/schema\/logo\/image\/","url":"https:\/\/tomas.net.pl\/wordpress_u\/wp-content\/uploads\/2025\/05\/logo-tomas-scaled.png","contentUrl":"https:\/\/tomas.net.pl\/wordpress_u\/wp-content\/uploads\/2025\/05\/logo-tomas-scaled.png","width":2560,"height":1701,"caption":"TOMAS CATERING"},"image":{"@id":"https:\/\/tomas.net.pl\/wordpress_u\/#\/schema\/logo\/image\/"}}]}},"_links":{"self":[{"href":"https:\/\/tomas.net.pl\/wordpress_u\/index.php\/wp-json\/wp\/v2\/pages\/8","targetHints":{"allow":["GET"]}}],"collection":[{"href":"https:\/\/tomas.net.pl\/wordpress_u\/index.php\/wp-json\/wp\/v2\/pages"}],"about":[{"href":"https:\/\/tomas.net.pl\/wordpress_u\/index.php\/wp-json\/wp\/v2\/types\/page"}],"author":[{"embeddable":true,"href":"https:\/\/tomas.net.pl\/wordpress_u\/index.php\/wp-json\/wp\/v2\/users\/1"}],"replies":[{"embeddable":true,"href":"https:\/\/tomas.net.pl\/wordpress_u\/index.php\/wp-json\/wp\/v2\/comments?post=8"}],"version-history":[{"count":7,"href":"https:\/\/tomas.net.pl\/wordpress_u\/index.php\/wp-json\/wp\/v2\/pages\/8\/revisions"}],"predecessor-version":[{"id":441,"href":"https:\/\/tomas.net.pl\/wordpress_u\/index.php\/wp-json\/wp\/v2\/pages\/8\/revisions\/441"}],"wp:attachment":[{"href":"https:\/\/tomas.net.pl\/wordpress_u\/index.php\/wp-json\/wp\/v2\/media?parent=8"}],"curies":[{"name":"wp","href":"https:\/\/api.w.org\/{rel}","templated":true}]}}